{"id":12384,"date":"2022-11-09T14:06:02","date_gmt":"2022-11-09T13:06:02","guid":{"rendered":"https:\/\/blog.birders-hf.de\/?page_id=12384"},"modified":"2022-11-09T14:06:02","modified_gmt":"2022-11-09T13:06:02","slug":"regionale-klimaverantwortung","status":"publish","type":"page","link":"https:\/\/blog.birders-hf.de\/index.php\/regionale-klimaverantwortung\/","title":{"rendered":"Regionale Klimaverantwortung"},"content":{"rendered":"\n<figure class=\"wp-block-image size-large\"><img loading=\"lazy\" decoding=\"async\" width=\"1024\" height=\"380\" src=\"https:\/\/blog.birders-hf.de\/wp-content\/uploads\/2022\/11\/image-1-1024x380.png\" alt=\"\" class=\"wp-image-12386\" srcset=\"https:\/\/blog.birders-hf.de\/wp-content\/uploads\/2022\/11\/image-1-1024x380.png 1024w, https:\/\/blog.birders-hf.de\/wp-content\/uploads\/2022\/11\/image-1-480x178.png 480w, https:\/\/blog.birders-hf.de\/wp-content\/uploads\/2022\/11\/image-1-768x285.png 768w, https:\/\/blog.birders-hf.de\/wp-content\/uploads\/2022\/11\/image-1.png 1150w\" sizes=\"auto, (max-width: 1024px) 100vw, 1024px\" \/><\/figure>\n\n\n\n<p>In der Tagung \u201eRegionale Klimaverantwortung\u201c am 15.11.2021 wurde von Expertinnen und Experten aus Klimaforschung, Ethik, Landwirtschaft und (exemplarisch) dem Bereich der Kirche als global pr\u00e4sentem regionalem Akteur die Entwicklung der Klimakrise diskutiert. Die entsprechende Publikation wurde als Open Access-Band im April 2022\u00a0<a rel=\"noreferrer noopener\" href=\"https:\/\/regionale-klimaverantwortung.at\/wp-content\/uploads\/2022\/07\/klimaverantwortung_kpl_1.2.pdf\" target=\"_blank\">hier publiziert<\/a>.<\/p>\n\n\n\n<p>In der Vor- und Nachbereitung von Tagung und Publikation wurde klar, dass die Beobachtung von Bioindikatoren und die Aufbereitung der Beobachtungsergebnisse f\u00fcr die Einsch\u00e4tzung der lokalen Ver\u00e4nderungen neben den Methoden der Erfassungsmetriken von Klimadaten eine wesentliche Rolle spielen k\u00f6nnten; denn die Aussage \u201eErw\u00e4rmung um x Grad Celsius\u201c oder \u201eR\u00fcckgang der Niederschl\u00e4ge um y mm\/m\u00b2\u201c ist f\u00fcr das lokale Biotop nur bedingt aussagekr\u00e4ftig.<\/p>\n\n\n\n<p>Ein wesentlicher Bioindikator ist der Vogelbestand einer Region. V\u00f6gel sind hoch mobil und in Grenzen adaptiv. An den Ver\u00e4nderungen des Vogelbestandes kann bei langfristiger Beobachtung abgelesen werden, wie sich die gemessene Klimaver\u00e4nderung auf eine bestimmte biologische Nische auswirkt.<\/p>\n\n\n\n<p>Wir sind den \u201eBirders Herford\u201c zu Dank f\u00fcr ihre freundliche Kooperation verpflichtet. Die bisher von ihnen erhobenen Beobachtungsdaten wurden kostenlos zur Verf\u00fcgung gestellt, und es wurde uns zugesagt, die Beobachtungsperioden zumindest bis 2025 weiter fortzusetzen und in unser System einzuspeisen. Neben einem eindruckvollen Beispiel f\u00fcr crowdgenerated data ist das eine wertvolle Hilfe f\u00fcr die geplante Fortsetzung des Projektes zur regionalen Klimaverantwortung, das 2025 mit einer weiteren Tagung seinen vorl\u00e4ufigen H\u00f6hepunkt finden soll.<\/p>\n\n\n\n<p>Ao. Univ.-Prof. Dr. Christian Wessely<\/p>\n\n\n\n<p>Institut f\u00fcr Systematische Theologie an der Universit\u00e4t Graz<\/p>\n","protected":false},"excerpt":{"rendered":"<p>In der Tagung \u201eRegionale Klimaverantwortung\u201c am 15.11.2021 wurde von Expertinnen und Experten aus Klimaforschung, Ethik, Landwirtschaft und (exemplarisch) dem Bereich der Kirche als global pr\u00e4sentem regionalem Akteur die Entwicklung der &hellip; <a href=\"https:\/\/blog.birders-hf.de\/index.php\/regionale-klimaverantwortung\/\" class=\"more-link\"><span class=\"screen-reader-text\">Regionale Klimaverantwortung<\/span> weiterlesen <span class=\"meta-nav\">&rarr;<\/span><\/a><\/p>\n","protected":false},"author":1,"featured_media":0,"parent":0,"menu_order":0,"comment_status":"closed","ping_status":"closed","template":"","meta":{"footnotes":""},"class_list":["post-12384","page","type-page","status-publish","hentry"],"_links":{"self":[{"href":"https:\/\/blog.birders-hf.de\/index.php\/wp-json\/wp\/v2\/pages\/12384","targetHints":{"allow":["GET"]}}],"collection":[{"href":"https:\/\/blog.birders-hf.de\/index.php\/wp-json\/wp\/v2\/pages"}],"about":[{"href":"https:\/\/blog.birders-hf.de\/index.php\/wp-json\/wp\/v2\/types\/page"}],"author":[{"embeddable":true,"href":"https:\/\/blog.birders-hf.de\/index.php\/wp-json\/wp\/v2\/users\/1"}],"replies":[{"embeddable":true,"href":"https:\/\/blog.birders-hf.de\/index.php\/wp-json\/wp\/v2\/comments?post=12384"}],"version-history":[{"count":1,"href":"https:\/\/blog.birders-hf.de\/index.php\/wp-json\/wp\/v2\/pages\/12384\/revisions"}],"predecessor-version":[{"id":12388,"href":"https:\/\/blog.birders-hf.de\/index.php\/wp-json\/wp\/v2\/pages\/12384\/revisions\/12388"}],"wp:attachment":[{"href":"https:\/\/blog.birders-hf.de\/index.php\/wp-json\/wp\/v2\/media?parent=12384"}],"curies":[{"name":"wp","href":"https:\/\/api.w.org\/{rel}","templated":true}]}}